{"id":31525,"date":"2023-04-22T06:11:53","date_gmt":"2023-04-22T11:11:53","guid":{"rendered":"https:\/\/laensaladeria.cuunda.site\/?post_type=product&#038;p=31525"},"modified":"2025-12-31T17:15:05","modified_gmt":"2025-12-31T22:15:05","slug":"waffle-sencillo-con-helado","status":"publish","type":"product","link":"https:\/\/laensaladeria.co\/limonar\/product\/waffle-sencillo-con-helado\/","title":{"rendered":"WAFFLE SENCILLO CON HELADO"},"content":{"rendered":"<p>Delicioso Waffle ba\u00f1ado en salsas de su elecci\u00f3n, acompa\u00f1ado con fruta y una bola de helado premium.<\/p>\n","protected":false},"excerpt":{"rendered":"<p>Delicioso Waffle ba\u00f1ado en salsas de su elecci\u00f3n, acompa\u00f1ado con fruta y una bola de helado premium.<\/p>\n","protected":false},"featured_media":31555,"template":"","meta":[],"product_cat":[126,116],"product_tag":[],"class_list":["post-31525","product","type-product","status-publish","has-post-thumbnail","hentry","product_cat-clase-1","product_cat-wafles"],"_links":{"self":[{"href":"https:\/\/laensaladeria.co\/limonar\/wp-json\/wp\/v3\/product\/31525","targetHints":{"allow":["GET"]}}],"collection":[{"href":"https:\/\/laensaladeria.co\/limonar\/wp-json\/wp\/v3\/product"}],"about":[{"href":"https:\/\/laensaladeria.co\/limonar\/wp-json\/wp\/v2\/types\/product"}],"wp:featuredmedia":[{"embeddable":true,"href":"https:\/\/laensaladeria.co\/limonar\/wp-json\/wp\/v2\/media\/31555"}],"wp:attachment":[{"href":"https:\/\/laensaladeria.co\/limonar\/wp-json\/wp\/v2\/media?parent=31525"}],"wp:term":[{"taxonomy":"product_cat","embeddable":true,"href":"https:\/\/laensaladeria.co\/limonar\/wp-json\/wp\/v2\/product_cat?post=31525"},{"taxonomy":"product_tag","embeddable":true,"href":"https:\/\/laensaladeria.co\/limonar\/wp-json\/wp\/v2\/product_tag?post=31525"}],"curies":[{"name":"wp","href":"https:\/\/api.w.org\/{rel}","templated":true}]}}